{"id":255,"date":"2024-08-05T20:42:47","date_gmt":"2024-08-05T18:42:47","guid":{"rendered":"https:\/\/www.hesbymazout.be\/?page_id=255"},"modified":"2025-04-15T12:25:31","modified_gmt":"2025-04-15T10:25:31","slug":"shop","status":"publish","type":"page","link":"https:\/\/www.hesbymazout.be\/en\/shop\/","title":{"rendered":"Shop"},"content":{"rendered":"<div data-elementor-type=\"wp-page\" data-elementor-id=\"255\" class=\"elementor elementor-255\" data-elementor-post-type=\"page\">\n\t\t\t\t<div class=\"elementor-element elementor-element-21b5495 e-flex e-con-boxed e-con e-parent\" data-id=\"21b5495\" data-element_type=\"container\" data-e-type=\"container\" data-settings=\"{&quot;background_background&quot;:&quot;classic&quot;}\">\n\t\t\t\t\t<div class=\"e-con-inner\">\n\t\t<div class=\"elementor-element elementor-element-9d97049 e-con-full e-flex e-con e-child\" data-id=\"9d97049\" data-element_type=\"container\" data-e-type=\"container\">\n\t\t<div class=\"elementor-element elementor-element-92ed4fb e-con-full e-flex e-con e-child\" data-id=\"92ed4fb\" data-element_type=\"container\" data-e-type=\"container\">\n\t\t\t\t<div class=\"elementor-element elementor-element-3200c35 elementor-widget elementor-widget-heading\" data-id=\"3200c35\" data-element_type=\"widget\" data-e-type=\"widget\" data-widget_type=\"heading.default\">\n\t\t\t\t<div class=\"elementor-widget-container\">\n\t\t\t\t\t<h2 class=\"elementor-heading-title elementor-size-default\">Our Remicourt shop<\/h2>\t\t\t\t<\/div>\n\t\t\t\t<\/div>\n\t\t<div class=\"elementor-element elementor-element-4a1a875 e-con-full e-flex e-con e-child\" data-id=\"4a1a875\" data-element_type=\"container\" data-e-type=\"container\">\n\t\t<div class=\"elementor-element elementor-element-8ab3a4d e-con-full e-flex e-con e-child\" data-id=\"8ab3a4d\" data-element_type=\"container\" data-e-type=\"container\">\n\t\t<div class=\"elementor-element elementor-element-85b0988 e-con-full e-flex e-con e-child\" data-id=\"85b0988\" data-element_type=\"container\" data-e-type=\"container\">\n\t\t\t\t<div class=\"elementor-element elementor-element-8b2f770 elementor-widget__width-auto elementor-widget elementor-widget-button\" data-id=\"8b2f770\" data-element_type=\"widget\" data-e-type=\"widget\" data-widget_type=\"button.default\">\n\t\t\t\t<div class=\"elementor-widget-container\">\n\t\t\t\t\t\t\t\t\t<div class=\"elementor-button-wrapper\">\n\t\t\t\t\t<a class=\"elementor-button elementor-size-sm\" role=\"button\">\n\t\t\t\t\t\t<span class=\"elementor-button-content-wrapper\">\n\t\t\t\t\t\t\t\t\t<span class=\"elementor-button-text\">Quality products<\/span>\n\t\t\t\t\t<\/span>\n\t\t\t\t\t<\/a>\n\t\t\t\t<\/div>\n\t\t\t\t\t\t\t\t<\/div>\n\t\t\t\t<\/div>\n\t\t\t\t<div class=\"elementor-element elementor-element-21b3ea5 elementor-widget__width-auto elementor-widget elementor-widget-button\" data-id=\"21b3ea5\" data-element_type=\"widget\" data-e-type=\"widget\" data-widget_type=\"button.default\">\n\t\t\t\t<div class=\"elementor-widget-container\">\n\t\t\t\t\t\t\t\t\t<div class=\"elementor-button-wrapper\">\n\t\t\t\t\t<a class=\"elementor-button elementor-size-sm\" role=\"button\">\n\t\t\t\t\t\t<span class=\"elementor-button-content-wrapper\">\n\t\t\t\t\t\t\t\t\t<span class=\"elementor-button-text\">Fresh Foods<\/span>\n\t\t\t\t\t<\/span>\n\t\t\t\t\t<\/a>\n\t\t\t\t<\/div>\n\t\t\t\t\t\t\t\t<\/div>\n\t\t\t\t<\/div>\n\t\t\t\t<div class=\"elementor-element elementor-element-4157b49 elementor-widget__width-auto elementor-widget elementor-widget-button\" data-id=\"4157b49\" data-element_type=\"widget\" data-e-type=\"widget\" data-widget_type=\"button.default\">\n\t\t\t\t<div class=\"elementor-widget-container\">\n\t\t\t\t\t\t\t\t\t<div class=\"elementor-button-wrapper\">\n\t\t\t\t\t<a class=\"elementor-button elementor-size-sm\" role=\"button\">\n\t\t\t\t\t\t<span class=\"elementor-button-content-wrapper\">\n\t\t\t\t\t\t\t\t\t<span class=\"elementor-button-text\">Local food network<\/span>\n\t\t\t\t\t<\/span>\n\t\t\t\t\t<\/a>\n\t\t\t\t<\/div>\n\t\t\t\t\t\t\t\t<\/div>\n\t\t\t\t<\/div>\n\t\t\t\t<\/div>\n\t\t\t\t<\/div>\n\t\t\t\t<\/div>\n\t\t\t\t<\/div>\n\t\t\t\t<\/div>\n\t\t\t\t\t<\/div>\n\t\t\t\t<\/div>\n\t\t<div class=\"elementor-element elementor-element-26ffc40 e-flex e-con-boxed e-con e-parent\" data-id=\"26ffc40\" data-element_type=\"container\" data-e-type=\"container\">\n\t\t\t\t\t<div class=\"e-con-inner\">\n\t\t\t\t<div class=\"elementor-element elementor-element-716cfe3 elementor-widget elementor-widget-heading\" data-id=\"716cfe3\" data-element_type=\"widget\" data-e-type=\"widget\" data-widget_type=\"heading.default\">\n\t\t\t\t<div class=\"elementor-widget-container\">\n\t\t\t\t\t<h2 class=\"elementor-heading-title elementor-size-default\">Our shop area is a multi-purpose space designed to meet your needs<\/h2>\t\t\t\t<\/div>\n\t\t\t\t<\/div>\n\t\t\t\t\t<\/div>\n\t\t\t\t<\/div>\n\t\t<div class=\"elementor-element elementor-element-4408a01 e-flex e-con-boxed e-con e-parent\" data-id=\"4408a01\" data-element_type=\"container\" data-e-type=\"container\" data-settings=\"{&quot;background_background&quot;:&quot;classic&quot;}\">\n\t\t\t\t\t<div class=\"e-con-inner\">\n\t\t\t\t<div class=\"elementor-element elementor-element-24d4351 elementor-widget elementor-widget-menu-anchor\" data-id=\"24d4351\" data-element_type=\"widget\" data-e-type=\"widget\" data-widget_type=\"menu-anchor.default\">\n\t\t\t\t<div class=\"elementor-widget-container\">\n\t\t\t\t\t\t\t<div class=\"elementor-menu-anchor\" id=\"espace\"><\/div>\n\t\t\t\t\t\t<\/div>\n\t\t\t\t<\/div>\n\t\t\t\t\t<\/div>\n\t\t\t\t<\/div>\n\t\t<div class=\"elementor-element elementor-element-0acf1bb e-flex e-con-boxed e-con e-parent\" data-id=\"0acf1bb\" data-element_type=\"container\" data-e-type=\"container\" data-settings=\"{&quot;background_background&quot;:&quot;classic&quot;}\">\n\t\t\t\t\t<div class=\"e-con-inner\">\n\t\t<div class=\"elementor-element elementor-element-6da2115 e-con-full e-flex e-con e-child\" data-id=\"6da2115\" data-element_type=\"container\" data-e-type=\"container\">\n\t\t\t\t<div class=\"elementor-element elementor-element-44edd25 elementor-widget elementor-widget-heading\" data-id=\"44edd25\" data-element_type=\"widget\" data-e-type=\"widget\" data-widget_type=\"heading.default\">\n\t\t\t\t<div class=\"elementor-widget-container\">\n\t\t\t\t\t<h2 class=\"elementor-heading-title elementor-size-default translation-block\">Dining area<\/h2>\t\t\t\t<\/div>\n\t\t\t\t<\/div>\n\t\t\t\t<div class=\"elementor-element elementor-element-981ae3b elementor-widget elementor-widget-text-editor\" data-id=\"981ae3b\" data-element_type=\"widget\" data-e-type=\"widget\" data-widget_type=\"text-editor.default\">\n\t\t\t\t<div class=\"elementor-widget-container\">\n\t\t\t\t\t\t\t\t\t<p>Our shop has a sandwich shop to satisfy your cravings:<\/p><ul><li><b>Fresh sandwiches<\/b> A variety of sandwiches<br>prepared daily with fresh ingredients.<\/li><li class=\"translation-block\"><b>Hot and cold drinks<\/b> : Coffee, tea, fruit juices, <br>sodas and energy drinks.<\/li><li><b>Snacks and pastries<\/b> : Chocolate bars, crisps, cakes, etc.<\/li><li><strong>Catering department<\/strong><\/li><li><strong>Local products<\/strong><\/li><li><strong>Bakery and pastries :<\/strong> cooking on site<\/li><li><strong>Microwave<\/strong> available<\/li><\/ul>\t\t\t\t\t\t\t\t<\/div>\n\t\t\t\t<\/div>\n\t\t\t\t<div class=\"elementor-element elementor-element-ccb1c82 elementor-widget elementor-widget-text-editor\" data-id=\"ccb1c82\" data-element_type=\"widget\" data-e-type=\"widget\" data-widget_type=\"text-editor.default\">\n\t\t\t\t<div class=\"elementor-widget-container\">\n\t\t\t\t\t\t\t\t\t<p><strong>Schedule :<br \/><\/strong>Monday-Friday: 6.00am-8.00pm<br \/>Saturday: 7am-7pm<br \/>Sunday: 8am-7pm<\/p>\t\t\t\t\t\t\t\t<\/div>\n\t\t\t\t<\/div>\n\t\t\t\t<\/div>\n\t\t<div class=\"elementor-element elementor-element-baaa11d e-con-full e-flex e-con e-child\" data-id=\"baaa11d\" data-element_type=\"container\" data-e-type=\"container\">\n\t\t\t\t<div class=\"elementor-element elementor-element-242ad0a elementor-widget elementor-widget-image\" data-id=\"242ad0a\" data-element_type=\"widget\" data-e-type=\"widget\" data-widget_type=\"image.default\">\n\t\t\t\t<div class=\"elementor-widget-container\">\n\t\t\t\t\t\t\t\t\t\t\t\t\t\t\t<img fetchpriority=\"high\" decoding=\"async\" width=\"683\" height=\"1024\" src=\"https:\/\/www.hesbymazout.be\/wp-content\/uploads\/2024\/09\/Momalle-HesbyMazout-2024-09-02-_JLD5525-HDef-683x1024.webp\" class=\"attachment-large size-large wp-image-1322\" alt=\"\" srcset=\"https:\/\/www.hesbymazout.be\/wp-content\/uploads\/2024\/09\/Momalle-HesbyMazout-2024-09-02-_JLD5525-HDef-683x1024.webp 683w, https:\/\/www.hesbymazout.be\/wp-content\/uploads\/2024\/09\/Momalle-HesbyMazout-2024-09-02-_JLD5525-HDef-200x300.webp 200w, https:\/\/www.hesbymazout.be\/wp-content\/uploads\/2024\/09\/Momalle-HesbyMazout-2024-09-02-_JLD5525-HDef-768x1152.webp 768w, https:\/\/www.hesbymazout.be\/wp-content\/uploads\/2024\/09\/Momalle-HesbyMazout-2024-09-02-_JLD5525-HDef-8x12.webp 8w, https:\/\/www.hesbymazout.be\/wp-content\/uploads\/2024\/09\/Momalle-HesbyMazout-2024-09-02-_JLD5525-HDef.webp 800w\" sizes=\"(max-width: 683px) 100vw, 683px\" \/>\t\t\t\t\t\t\t\t\t\t\t\t\t\t\t<\/div>\n\t\t\t\t<\/div>\n\t\t\t\t<\/div>\n\t\t\t\t\t<\/div>\n\t\t\t\t<\/div>\n\t\t<div class=\"elementor-element elementor-element-86ea8c6 e-flex e-con-boxed e-con e-parent\" data-id=\"86ea8c6\" data-element_type=\"container\" data-e-type=\"container\">\n\t\t\t\t\t<div class=\"e-con-inner\">\n\t\t\t\t<div class=\"elementor-element elementor-element-2ae3165 elementor-widget elementor-widget-menu-anchor\" data-id=\"2ae3165\" data-element_type=\"widget\" data-e-type=\"widget\" data-widget_type=\"menu-anchor.default\">\n\t\t\t\t<div class=\"elementor-widget-container\">\n\t\t\t\t\t\t\t<div class=\"elementor-menu-anchor\" id=\"produits\"><\/div>\n\t\t\t\t\t\t<\/div>\n\t\t\t\t<\/div>\n\t\t\t\t\t<\/div>\n\t\t\t\t<\/div>\n\t\t<div class=\"elementor-element elementor-element-c169226 e-flex e-con-boxed e-con e-parent\" data-id=\"c169226\" data-element_type=\"container\" data-e-type=\"container\">\n\t\t\t\t\t<div class=\"e-con-inner\">\n\t\t<div class=\"elementor-element elementor-element-5a27c1d e-con-full e-flex e-con e-child\" data-id=\"5a27c1d\" data-element_type=\"container\" data-e-type=\"container\">\n\t\t<div class=\"elementor-element elementor-element-8bc78c2 e-con-full e-flex e-con e-child\" data-id=\"8bc78c2\" data-element_type=\"container\" data-e-type=\"container\">\n\t\t<div class=\"elementor-element elementor-element-776b854 e-con-full e-flex e-con e-child\" data-id=\"776b854\" data-element_type=\"container\" data-e-type=\"container\">\n\t\t\t\t<div class=\"elementor-element elementor-element-e04b8c3 elementor-widget elementor-widget-image\" data-id=\"e04b8c3\" data-element_type=\"widget\" data-e-type=\"widget\" data-widget_type=\"image.default\">\n\t\t\t\t<div class=\"elementor-widget-container\">\n\t\t\t\t\t\t\t\t\t\t\t\t\t\t\t<img decoding=\"async\" width=\"800\" height=\"534\" src=\"https:\/\/www.hesbymazout.be\/wp-content\/uploads\/2024\/08\/huile.webp\" class=\"attachment-large size-large wp-image-949\" alt=\"\" srcset=\"https:\/\/www.hesbymazout.be\/wp-content\/uploads\/2024\/08\/huile.webp 1000w, https:\/\/www.hesbymazout.be\/wp-content\/uploads\/2024\/08\/huile-300x200.webp 300w, https:\/\/www.hesbymazout.be\/wp-content\/uploads\/2024\/08\/huile-768x512.webp 768w\" sizes=\"(max-width: 800px) 100vw, 800px\" \/>\t\t\t\t\t\t\t\t\t\t\t\t\t\t\t<\/div>\n\t\t\t\t<\/div>\n\t\t\t\t<\/div>\n\t\t<div class=\"elementor-element elementor-element-182b5f1 e-con-full e-flex e-con e-child\" data-id=\"182b5f1\" data-element_type=\"container\" data-e-type=\"container\">\n\t\t\t\t<div class=\"elementor-element elementor-element-6a76315 elementor-widget elementor-widget-heading\" data-id=\"6a76315\" data-element_type=\"widget\" data-e-type=\"widget\" data-widget_type=\"heading.default\">\n\t\t\t\t<div class=\"elementor-widget-container\">\n\t\t\t\t\t<h2 class=\"elementor-heading-title elementor-size-default\">Products and accessories\nfor your vehicle<\/h2>\t\t\t\t<\/div>\n\t\t\t\t<\/div>\n\t\t\t\t<div class=\"elementor-element elementor-element-1188934 elementor-widget elementor-widget-text-editor\" data-id=\"1188934\" data-element_type=\"widget\" data-e-type=\"widget\" data-widget_type=\"text-editor.default\">\n\t\t\t\t<div class=\"elementor-widget-container\">\n\t\t\t\t\t\t\t\t\t<p>We offer a wide range of essential products for the care and maintenance of your vehicule:<\/p><ul><li><strong>Oils and lubricants<\/strong><\/li><li><strong>Car accessories<\/strong>\u00a0: windscreen wipers, bulbs, windscreen cleaners and more.<\/li><li><strong>Additives and liquids <\/strong>: fuel additives, coolant, brake fluid, etc.<\/li><\/ul>\t\t\t\t\t\t\t\t<\/div>\n\t\t\t\t<\/div>\n\t\t\t\t<\/div>\n\t\t\t\t<\/div>\n\t\t\t\t<\/div>\n\t\t\t\t\t<\/div>\n\t\t\t\t<\/div>\n\t\t<div class=\"elementor-element elementor-element-fe2dd85 e-flex e-con-boxed e-con e-parent\" data-id=\"fe2dd85\" data-element_type=\"container\" data-e-type=\"container\" data-settings=\"{&quot;background_background&quot;:&quot;classic&quot;}\">\n\t\t\t\t\t<div class=\"e-con-inner\">\n\t\t\t\t<div class=\"elementor-element elementor-element-8528485 elementor-widget elementor-widget-menu-anchor\" data-id=\"8528485\" data-element_type=\"widget\" data-e-type=\"widget\" data-widget_type=\"menu-anchor.default\">\n\t\t\t\t<div class=\"elementor-widget-container\">\n\t\t\t\t\t\t\t<div class=\"elementor-menu-anchor\" id=\"divers\"><\/div>\n\t\t\t\t\t\t<\/div>\n\t\t\t\t<\/div>\n\t\t\t\t\t<\/div>\n\t\t\t\t<\/div>\n\t\t<div class=\"elementor-element elementor-element-fa09359 e-flex e-con-boxed e-con e-parent\" data-id=\"fa09359\" data-element_type=\"container\" data-e-type=\"container\" data-settings=\"{&quot;background_background&quot;:&quot;classic&quot;}\">\n\t\t\t\t\t<div class=\"e-con-inner\">\n\t\t\t\t<div class=\"elementor-element elementor-element-0011ffb elementor-widget elementor-widget-heading\" data-id=\"0011ffb\" data-element_type=\"widget\" data-e-type=\"widget\" data-widget_type=\"heading.default\">\n\t\t\t\t<div class=\"elementor-widget-container\">\n\t\t\t\t\t<h2 class=\"elementor-heading-title elementor-size-default\">Miscellaneous<\/h2>\t\t\t\t<\/div>\n\t\t\t\t<\/div>\n\t\t\t\t\t<\/div>\n\t\t\t\t<\/div>\n\t\t<div class=\"elementor-element elementor-element-c8ff293 e-flex e-con-boxed e-con e-parent\" data-id=\"c8ff293\" data-element_type=\"container\" data-e-type=\"container\" data-settings=\"{&quot;background_background&quot;:&quot;classic&quot;}\">\n\t\t\t\t\t<div class=\"e-con-inner\">\n\t\t\t\t<div class=\"elementor-element elementor-element-76d5392 elementor-widget elementor-widget-text-editor\" data-id=\"76d5392\" data-element_type=\"widget\" data-e-type=\"widget\" data-widget_type=\"text-editor.default\">\n\t\t\t\t<div class=\"elementor-widget-container\">\n\t\t\t\t\t\t\t\t\t<p>Tobacco<br \/>National Lottery<br \/>Household products<br \/>Articles d&rsquo;hygi\u00e8ne<\/p>\t\t\t\t\t\t\t\t<\/div>\n\t\t\t\t<\/div>\n\t\t\t\t\t<\/div>\n\t\t\t\t<\/div>\n\t\t<div class=\"elementor-element elementor-element-70356f3 e-flex e-con-boxed e-con e-parent\" data-id=\"70356f3\" data-element_type=\"container\" data-e-type=\"container\" data-settings=\"{&quot;background_background&quot;:&quot;classic&quot;}\">\n\t\t\t\t\t<div class=\"e-con-inner\">\n\t\t<div class=\"elementor-element elementor-element-4c1716b e-con-full e-flex e-con e-child\" data-id=\"4c1716b\" data-element_type=\"container\" data-e-type=\"container\">\n\t\t\t\t<\/div>\n\t\t\t\t\t<\/div>\n\t\t\t\t<\/div>\n\t\t\t\t<\/div>","protected":false},"excerpt":{"rendered":"<p>Notre espace shop Remicourt Produits de qualit\u00e9 Aliments premi\u00e8re fra\u00eecheur Circuit court Notre espace shop est un espace polyvalent con\u00e7u pour r\u00e9pondre \u00e0 vos besoins Espace Restauration Notre shop dispose d\u2019une sandwicherie pour combler vos envies : Sandwichs frais : Une vari\u00e9t\u00e9 de sandwichs pr\u00e9par\u00e9s quotidiennement avec des ingr\u00e9dients frais. Boissons chaudes et froides : [&hellip;]<\/p>\n","protected":false},"author":3,"featured_media":0,"parent":0,"menu_order":0,"comment_status":"closed","ping_status":"closed","template":"","meta":{"footnotes":""},"class_list":["post-255","page","type-page","status-publish","hentry"],"yoast_head":"<!-- This site is optimized with the Yoast SEO plugin v26.3 - https:\/\/yoast.com\/wordpress\/plugins\/seo\/ -->\n<title>Shop - Hesbymazout<\/title>\n<meta name=\"robots\" content=\"index, follow, max-snippet:-1, max-image-preview:large, max-video-preview:-1\" \/>\n<link rel=\"canonical\" href=\"https:\/\/www.hesbymazout.be\/en\/shop\/\" \/>\n<meta property=\"og:locale\" content=\"en_GB\" \/>\n<meta property=\"og:type\" content=\"article\" \/>\n<meta property=\"og:title\" content=\"Shop - Hesbymazout\" \/>\n<meta property=\"og:description\" content=\"Notre espace shop Remicourt Produits de qualit\u00e9 Aliments premi\u00e8re fra\u00eecheur Circuit court Notre espace shop est un espace polyvalent con\u00e7u pour r\u00e9pondre \u00e0 vos besoins Espace Restauration Notre shop dispose d\u2019une sandwicherie pour combler vos envies : Sandwichs frais : Une vari\u00e9t\u00e9 de sandwichs pr\u00e9par\u00e9s quotidiennement avec des ingr\u00e9dients frais. Boissons chaudes et froides : [&hellip;]\" \/>\n<meta property=\"og:url\" content=\"https:\/\/www.hesbymazout.be\/en\/shop\/\" \/>\n<meta property=\"og:site_name\" content=\"Hesbymazout\" \/>\n<meta property=\"article:modified_time\" content=\"2025-04-15T10:25:31+00:00\" \/>\n<meta property=\"og:image\" content=\"https:\/\/www.hesbymazout.be\/wp-content\/uploads\/2024\/09\/Momalle-HesbyMazout-2024-09-02-_JLD5525-HDef.webp\" \/>\n\t<meta property=\"og:image:width\" content=\"800\" \/>\n\t<meta property=\"og:image:height\" content=\"1200\" \/>\n\t<meta property=\"og:image:type\" content=\"image\/webp\" \/>\n<meta name=\"twitter:card\" content=\"summary_large_image\" \/>\n<meta name=\"twitter:label1\" content=\"Est. reading time\" \/>\n\t<meta name=\"twitter:data1\" content=\"2 minutes\" \/>\n<script type=\"application\/ld+json\" class=\"yoast-schema-graph\">{\"@context\":\"https:\/\/schema.org\",\"@graph\":[{\"@type\":\"WebPage\",\"@id\":\"https:\/\/www.hesbymazout.be\/shop\/\",\"url\":\"https:\/\/www.hesbymazout.be\/shop\/\",\"name\":\"Shop - Hesbymazout\",\"isPartOf\":{\"@id\":\"https:\/\/www.hesbymazout.be\/#website\"},\"primaryImageOfPage\":{\"@id\":\"https:\/\/www.hesbymazout.be\/shop\/#primaryimage\"},\"image\":{\"@id\":\"https:\/\/www.hesbymazout.be\/shop\/#primaryimage\"},\"thumbnailUrl\":\"https:\/\/www.hesbymazout.be\/wp-content\/uploads\/2024\/09\/Momalle-HesbyMazout-2024-09-02-_JLD5525-HDef-683x1024.webp\",\"datePublished\":\"2024-08-05T18:42:47+00:00\",\"dateModified\":\"2025-04-15T10:25:31+00:00\",\"breadcrumb\":{\"@id\":\"https:\/\/www.hesbymazout.be\/shop\/#breadcrumb\"},\"inLanguage\":\"en-GB\",\"potentialAction\":[{\"@type\":\"ReadAction\",\"target\":[\"https:\/\/www.hesbymazout.be\/shop\/\"]}]},{\"@type\":\"ImageObject\",\"inLanguage\":\"en-GB\",\"@id\":\"https:\/\/www.hesbymazout.be\/shop\/#primaryimage\",\"url\":\"https:\/\/www.hesbymazout.be\/wp-content\/uploads\/2024\/09\/Momalle-HesbyMazout-2024-09-02-_JLD5525-HDef-683x1024.webp\",\"contentUrl\":\"https:\/\/www.hesbymazout.be\/wp-content\/uploads\/2024\/09\/Momalle-HesbyMazout-2024-09-02-_JLD5525-HDef-683x1024.webp\"},{\"@type\":\"BreadcrumbList\",\"@id\":\"https:\/\/www.hesbymazout.be\/shop\/#breadcrumb\",\"itemListElement\":[{\"@type\":\"ListItem\",\"position\":1,\"name\":\"Accueil\",\"item\":\"https:\/\/www.hesbymazout.be\/\"},{\"@type\":\"ListItem\",\"position\":2,\"name\":\"Shop\"}]},{\"@type\":\"WebSite\",\"@id\":\"https:\/\/www.hesbymazout.be\/#website\",\"url\":\"https:\/\/www.hesbymazout.be\/\",\"name\":\"Hesbymazout\",\"description\":\"Hesbymazout\",\"publisher\":{\"@id\":\"https:\/\/www.hesbymazout.be\/#organization\"},\"potentialAction\":[{\"@type\":\"SearchAction\",\"target\":{\"@type\":\"EntryPoint\",\"urlTemplate\":\"https:\/\/www.hesbymazout.be\/?s={search_term_string}\"},\"query-input\":{\"@type\":\"PropertyValueSpecification\",\"valueRequired\":true,\"valueName\":\"search_term_string\"}}],\"inLanguage\":\"en-GB\"},{\"@type\":\"Organization\",\"@id\":\"https:\/\/www.hesbymazout.be\/#organization\",\"name\":\"Hesbymazout\",\"url\":\"https:\/\/www.hesbymazout.be\/\",\"logo\":{\"@type\":\"ImageObject\",\"inLanguage\":\"en-GB\",\"@id\":\"https:\/\/www.hesbymazout.be\/#\/schema\/logo\/image\/\",\"url\":\"https:\/\/www.hesbymazout.be\/wp-content\/uploads\/2024\/08\/Hesbymazout_white_.svg\",\"contentUrl\":\"https:\/\/www.hesbymazout.be\/wp-content\/uploads\/2024\/08\/Hesbymazout_white_.svg\",\"width\":113,\"height\":63,\"caption\":\"Hesbymazout\"},\"image\":{\"@id\":\"https:\/\/www.hesbymazout.be\/#\/schema\/logo\/image\/\"}}]}<\/script>\n<!-- \/ Yoast SEO plugin. -->","yoast_head_json":{"title":"Shop - Hesbymazout","robots":{"index":"index","follow":"follow","max-snippet":"max-snippet:-1","max-image-preview":"max-image-preview:large","max-video-preview":"max-video-preview:-1"},"canonical":"https:\/\/www.hesbymazout.be\/en\/shop\/","og_locale":"en_GB","og_type":"article","og_title":"Shop - Hesbymazout","og_description":"Notre espace shop Remicourt Produits de qualit\u00e9 Aliments premi\u00e8re fra\u00eecheur Circuit court Notre espace shop est un espace polyvalent con\u00e7u pour r\u00e9pondre \u00e0 vos besoins Espace Restauration Notre shop dispose d\u2019une sandwicherie pour combler vos envies : Sandwichs frais : Une vari\u00e9t\u00e9 de sandwichs pr\u00e9par\u00e9s quotidiennement avec des ingr\u00e9dients frais. Boissons chaudes et froides : [&hellip;]","og_url":"https:\/\/www.hesbymazout.be\/en\/shop\/","og_site_name":"Hesbymazout","article_modified_time":"2025-04-15T10:25:31+00:00","og_image":[{"width":800,"height":1200,"url":"https:\/\/www.hesbymazout.be\/wp-content\/uploads\/2024\/09\/Momalle-HesbyMazout-2024-09-02-_JLD5525-HDef.webp","type":"image\/webp"}],"twitter_card":"summary_large_image","twitter_misc":{"Est. reading time":"2 minutes"},"schema":{"@context":"https:\/\/schema.org","@graph":[{"@type":"WebPage","@id":"https:\/\/www.hesbymazout.be\/shop\/","url":"https:\/\/www.hesbymazout.be\/shop\/","name":"Shop - Hesbymazout","isPartOf":{"@id":"https:\/\/www.hesbymazout.be\/#website"},"primaryImageOfPage":{"@id":"https:\/\/www.hesbymazout.be\/shop\/#primaryimage"},"image":{"@id":"https:\/\/www.hesbymazout.be\/shop\/#primaryimage"},"thumbnailUrl":"https:\/\/www.hesbymazout.be\/wp-content\/uploads\/2024\/09\/Momalle-HesbyMazout-2024-09-02-_JLD5525-HDef-683x1024.webp","datePublished":"2024-08-05T18:42:47+00:00","dateModified":"2025-04-15T10:25:31+00:00","breadcrumb":{"@id":"https:\/\/www.hesbymazout.be\/shop\/#breadcrumb"},"inLanguage":"en-GB","potentialAction":[{"@type":"ReadAction","target":["https:\/\/www.hesbymazout.be\/shop\/"]}]},{"@type":"ImageObject","inLanguage":"en-GB","@id":"https:\/\/www.hesbymazout.be\/shop\/#primaryimage","url":"https:\/\/www.hesbymazout.be\/wp-content\/uploads\/2024\/09\/Momalle-HesbyMazout-2024-09-02-_JLD5525-HDef-683x1024.webp","contentUrl":"https:\/\/www.hesbymazout.be\/wp-content\/uploads\/2024\/09\/Momalle-HesbyMazout-2024-09-02-_JLD5525-HDef-683x1024.webp"},{"@type":"BreadcrumbList","@id":"https:\/\/www.hesbymazout.be\/shop\/#breadcrumb","itemListElement":[{"@type":"ListItem","position":1,"name":"Accueil","item":"https:\/\/www.hesbymazout.be\/"},{"@type":"ListItem","position":2,"name":"Shop"}]},{"@type":"WebSite","@id":"https:\/\/www.hesbymazout.be\/#website","url":"https:\/\/www.hesbymazout.be\/","name":"Hesbymazout","description":"Hesbymazout","publisher":{"@id":"https:\/\/www.hesbymazout.be\/#organization"},"potentialAction":[{"@type":"SearchAction","target":{"@type":"EntryPoint","urlTemplate":"https:\/\/www.hesbymazout.be\/?s={search_term_string}"},"query-input":{"@type":"PropertyValueSpecification","valueRequired":true,"valueName":"search_term_string"}}],"inLanguage":"en-GB"},{"@type":"Organization","@id":"https:\/\/www.hesbymazout.be\/#organization","name":"Hesbymazout","url":"https:\/\/www.hesbymazout.be\/","logo":{"@type":"ImageObject","inLanguage":"en-GB","@id":"https:\/\/www.hesbymazout.be\/#\/schema\/logo\/image\/","url":"https:\/\/www.hesbymazout.be\/wp-content\/uploads\/2024\/08\/Hesbymazout_white_.svg","contentUrl":"https:\/\/www.hesbymazout.be\/wp-content\/uploads\/2024\/08\/Hesbymazout_white_.svg","width":113,"height":63,"caption":"Hesbymazout"},"image":{"@id":"https:\/\/www.hesbymazout.be\/#\/schema\/logo\/image\/"}}]}},"_links":{"self":[{"href":"https:\/\/www.hesbymazout.be\/en\/wp-json\/wp\/v2\/pages\/255","targetHints":{"allow":["GET"]}}],"collection":[{"href":"https:\/\/www.hesbymazout.be\/en\/wp-json\/wp\/v2\/pages"}],"about":[{"href":"https:\/\/www.hesbymazout.be\/en\/wp-json\/wp\/v2\/types\/page"}],"author":[{"embeddable":true,"href":"https:\/\/www.hesbymazout.be\/en\/wp-json\/wp\/v2\/users\/3"}],"replies":[{"embeddable":true,"href":"https:\/\/www.hesbymazout.be\/en\/wp-json\/wp\/v2\/comments?post=255"}],"version-history":[{"count":140,"href":"https:\/\/www.hesbymazout.be\/en\/wp-json\/wp\/v2\/pages\/255\/revisions"}],"predecessor-version":[{"id":1770,"href":"https:\/\/www.hesbymazout.be\/en\/wp-json\/wp\/v2\/pages\/255\/revisions\/1770"}],"wp:attachment":[{"href":"https:\/\/www.hesbymazout.be\/en\/wp-json\/wp\/v2\/media?parent=255"}],"curies":[{"name":"wp","href":"https:\/\/api.w.org\/{rel}","templated":true}]}}